{"id":4177,"date":"2021-09-09T12:38:02","date_gmt":"2021-09-09T10:38:02","guid":{"rendered":"https:\/\/agronet.cat\/?page_id=4177"},"modified":"2021-09-09T12:38:02","modified_gmt":"2021-09-09T10:38:02","slug":"alta-client","status":"publish","type":"page","link":"https:\/\/old.agronet.cat\/es\/alta-client\/","title":{"rendered":"ALTA CLIENT"},"content":{"rendered":"<div class=\"wpforms-container wpforms-container-full wpforms-block\" id=\"wpforms-4176\"><form id=\"wpforms-form-4176\" class=\"wpforms-validate wpforms-form\" data-formid=\"4176\" method=\"post\" enctype=\"multipart\/form-data\" action=\"\/es\/wp-json\/wp\/v2\/pages\/4177\" data-token=\"f64d8789ad8388301183039f4b04d9c8\" data-token-time=\"1776766315\"><noscript class=\"wpforms-error-noscript\">Por favor, activa JavaScript en tu navegador para completar este formulario.<\/noscript><div class=\"wpforms-field-container\"><div id=\"wpforms-4176-field_0-container\" class=\"wpforms-field wpforms-field-name wpforms-one-half wpforms-first\" data-field-id=\"0\"><label class=\"wpforms-field-label wpforms-label-hide\" for=\"wpforms-4176-field_0\">Nom comercial de l&#039;empresa <span class=\"wpforms-required-label\">*<\/span><\/label><input type=\"text\" id=\"wpforms-4176-field_0\" class=\"wpforms-field-large wpforms-field-required\" name=\"wpforms[fields][0]\" placeholder=\"Nom comercial de l&#039;empresa\" required><\/div><div id=\"wpforms-4176-field_6-container\" class=\"wpforms-field wpforms-field-text wpforms-one-half\" data-field-id=\"6\"><label class=\"wpforms-field-label wpforms-label-hide\" for=\"wpforms-4176-field_6\">Persona de contacte <span class=\"wpforms-required-label\">*<\/span><\/label><input type=\"text\" id=\"wpforms-4176-field_6\" class=\"wpforms-field-large wpforms-field-required\" name=\"wpforms[fields][6]\" placeholder=\"Persona de contacte\" required><\/div><div id=\"wpforms-4176-field_19-container\" class=\"wpforms-field wpforms-field-email\" data-field-id=\"19\"><label class=\"wpforms-field-label wpforms-label-hide\" for=\"wpforms-4176-field_19\">E-mail general <span class=\"wpforms-required-label\">*<\/span><\/label><input type=\"email\" id=\"wpforms-4176-field_19\" class=\"wpforms-field-large wpforms-field-required\" name=\"wpforms[fields][19]\" placeholder=\"E-mail general\" spellcheck=\"false\" required><\/div><div id=\"wpforms-4176-field_24-container\" class=\"wpforms-field wpforms-field-checkbox wpforms-list-inline\" data-field-id=\"24\"><label class=\"wpforms-field-label wpforms-label-hide\">Hombrewer \/ professional <span class=\"wpforms-required-label\">*<\/span><\/label><ul id=\"wpforms-4176-field_24\" class=\"wpforms-field-required\"><li class=\"choice-1 depth-1\"><input type=\"checkbox\" id=\"wpforms-4176-field_24_1\" name=\"wpforms[fields][24][]\" value=\"Soc hombrewer\" required ><label class=\"wpforms-field-label-inline\" for=\"wpforms-4176-field_24_1\">Soc hombrewer<\/label><\/li><li class=\"choice-2 depth-1\"><input type=\"checkbox\" id=\"wpforms-4176-field_24_2\" name=\"wpforms[fields][24][]\" value=\"Soc professional\" required ><label class=\"wpforms-field-label-inline\" for=\"wpforms-4176-field_24_2\">Soc professional<\/label><\/li><\/ul><\/div><div id=\"wpforms-4176-field_5-container\" class=\"wpforms-field wpforms-field-name wpforms-two-thirds wpforms-first\" data-field-id=\"5\"><label class=\"wpforms-field-label wpforms-label-hide\" for=\"wpforms-4176-field_5\">Nom fiscal empresa <span class=\"wpforms-required-label\">*<\/span><\/label><input type=\"text\" id=\"wpforms-4176-field_5\" class=\"wpforms-field-large wpforms-field-required\" name=\"wpforms[fields][5]\" placeholder=\"Nom fiscal de l&#039;empresa\" required><\/div><div id=\"wpforms-4176-field_3-container\" class=\"wpforms-field wpforms-field-text wpforms-one-half wpforms-one-third\" data-field-id=\"3\"><label class=\"wpforms-field-label wpforms-label-hide\" for=\"wpforms-4176-field_3\">NIF empresa <span class=\"wpforms-required-label\">*<\/span><\/label><input type=\"text\" id=\"wpforms-4176-field_3\" class=\"wpforms-field-large wpforms-field-required\" name=\"wpforms[fields][3]\" placeholder=\"NIF \/ CIF empresa\" required><\/div><div id=\"wpforms-4176-field_36-container\" class=\"wpforms-field wpforms-field-email wpforms-one-half wpforms-first\" data-field-id=\"36\"><label class=\"wpforms-field-label wpforms-label-hide\" for=\"wpforms-4176-field_36\">E-mail recepci\u00f3 albarans \/ fitxes d&#039;an\u00e0lisis <span class=\"wpforms-required-label\">*<\/span><\/label><input type=\"email\" id=\"wpforms-4176-field_36\" class=\"wpforms-field-large wpforms-field-required\" name=\"wpforms[fields][36]\" placeholder=\"E-mail recepci\u00f3 albarans \/ fitxes d&#039;an\u00e0lisis\" spellcheck=\"false\" required><\/div><div id=\"wpforms-4176-field_14-container\" class=\"wpforms-field wpforms-field-email wpforms-one-half\" data-field-id=\"14\"><label class=\"wpforms-field-label wpforms-label-hide\" for=\"wpforms-4176-field_14\">E-mail de facturaci\u00f3 <span class=\"wpforms-required-label\">*<\/span><\/label><input type=\"email\" id=\"wpforms-4176-field_14\" class=\"wpforms-field-large wpforms-field-required\" name=\"wpforms[fields][14]\" placeholder=\"E-mail de facturaci\u00f3\" spellcheck=\"false\" required><\/div><div id=\"wpforms-4176-field_26-container\" class=\"wpforms-field wpforms-field-textarea\" data-field-id=\"26\"><label class=\"wpforms-field-label wpforms-label-hide\" for=\"wpforms-4176-field_26\">Observacions, horari d&#039;entregues, cami\u00f3 plataforma&#8230;<\/label><textarea id=\"wpforms-4176-field_26\" class=\"wpforms-field-small\" name=\"wpforms[fields][26]\" placeholder=\"Observacions, horari d&#039;entregues, cami\u00f3 plataforma...\" ><\/textarea><\/div><div id=\"wpforms-4176-field_27-container\" class=\"wpforms-field wpforms-field-checkbox wpforms-list-inline\" data-field-id=\"27\"><label class=\"wpforms-field-label wpforms-label-hide\">En cumplimiento de la ley 34\/2002, de 11 de julio, de Servicios en la Sociedad de la Informaci\u00f3n y Comercio Electr\u00f3nico (LSSI-CE), el solicitante autoriza el env\u00edo de correos electr\u00f3nicos con comunicaciones comerciales o publicitarias para la correcta ejecuci\u00f3n del presente contrato. <span class=\"wpforms-required-label\">*<\/span><\/label><ul id=\"wpforms-4176-field_27\" class=\"wpforms-field-required\" data-choice-limit=\"1\"><li class=\"choice-1 depth-1\"><input type=\"checkbox\" id=\"wpforms-4176-field_27_1\" data-rule-check-limit=\"true\" name=\"wpforms[fields][27][]\" value=\"S\u00ed, accepto\" required ><label class=\"wpforms-field-label-inline\" for=\"wpforms-4176-field_27_1\">S\u00ed, accepto<\/label><\/li><\/ul><div class=\"wpforms-field-description\">En compliment a la llei 34\/2002, de l&#8217;11 de juliol, de Serveis en la Societat de la Informaci\u00f3 i Comer\u00e7 Electr\u00f2nic (LSSI-CE), el\r\nsol\u00b7licitant autoritza l&#8217;enviament de correus electr\u00f2nics amb comunicacions comercials o publicit\u00e0ries per a la correcta execuci\u00f3 del present contracte.<\/div><\/div><\/div><!-- .wpforms-field-container --><div class=\"wpforms-field wpforms-field-hp\"><label for=\"wpforms-4176-field-hp\" class=\"wpforms-field-label\">Comment<\/label><input type=\"text\" name=\"wpforms[hp]\" id=\"wpforms-4176-field-hp\" class=\"wpforms-field-medium\"><\/div><div class=\"wpforms-submit-container\" ><input type=\"hidden\" name=\"wpforms[id]\" value=\"4176\"><input type=\"hidden\" name=\"page_title\" value=\"\"><input type=\"hidden\" name=\"page_url\" value=\"https:\/\/old.agronet.cat\/es\/wp-json\/wp\/v2\/pages\/4177\"><input type=\"hidden\" name=\"url_referer\" value=\"\"><button type=\"submit\" name=\"wpforms[submit]\" id=\"wpforms-submit-4176\" class=\"wpforms-submit\" data-alt-text=\"Enviando...\" data-submit-text=\"Enviar\" aria-live=\"assertive\" value=\"wpforms-submit\">Enviar<\/button><\/div><\/form><\/div>  <!-- .wpforms-container -->","protected":false},"excerpt":{"rendered":"","protected":false},"author":1,"featured_media":0,"parent":0,"menu_order":0,"comment_status":"closed","ping_status":"closed","template":"","meta":{"_acf_changed":false,"footnotes":""},"class_list":["post-4177","page","type-page","status-publish","hentry"],"acf":[],"_links":{"self":[{"href":"https:\/\/old.agronet.cat\/es\/wp-json\/wp\/v2\/pages\/4177","targetHints":{"allow":["GET"]}}],"collection":[{"href":"https:\/\/old.agronet.cat\/es\/wp-json\/wp\/v2\/pages"}],"about":[{"href":"https:\/\/old.agronet.cat\/es\/wp-json\/wp\/v2\/types\/page"}],"author":[{"embeddable":true,"href":"https:\/\/old.agronet.cat\/es\/wp-json\/wp\/v2\/users\/1"}],"replies":[{"embeddable":true,"href":"https:\/\/old.agronet.cat\/es\/wp-json\/wp\/v2\/comments?post=4177"}],"version-history":[{"count":1,"href":"https:\/\/old.agronet.cat\/es\/wp-json\/wp\/v2\/pages\/4177\/revisions"}],"predecessor-version":[{"id":4178,"href":"https:\/\/old.agronet.cat\/es\/wp-json\/wp\/v2\/pages\/4177\/revisions\/4178"}],"wp:attachment":[{"href":"https:\/\/old.agronet.cat\/es\/wp-json\/wp\/v2\/media?parent=4177"}],"curies":[{"name":"wp","href":"https:\/\/api.w.org\/{rel}","templated":true}]}}