{"id":1064,"date":"2020-09-22T09:26:30","date_gmt":"2020-09-22T09:26:30","guid":{"rendered":"https:\/\/agronet.cat\/?post_type=product&#038;p=1064"},"modified":"2020-10-28T10:31:05","modified_gmt":"2020-10-28T08:31:05","slug":"yo-mix-495-lyo","status":"publish","type":"product","link":"https:\/\/old.agronet.cat\/es\/botiga\/ferments\/ferments-de-sembra\/yo-mix-495-lyo\/","title":{"rendered":"YO-MIX 495 LYO"},"content":{"rendered":"","protected":false},"excerpt":{"rendered":"<p class=\"translation-block\">Yogur y leche fermentada. <br>\nDelta pH 3'5 h. Acidifica m\u00e1s r\u00e1pido, m\u00e1s firmeza. <br>\nStreptococcus thermo-philus y Lactobacillus delbruecckii subesp.bulgaricus.<\/p>\n<p><strong><br \/>\nAplicaci\u00f3n:<\/strong> siembra en leche<br \/>\n<strong>Formato: <\/strong>100 UA<\/p>","protected":false},"featured_media":1067,"template":"","meta":{"_acf_changed":false},"product_brand":[],"product_cat":[65],"product_tag":[],"class_list":{"0":"post-1064","1":"product","2":"type-product","3":"status-publish","4":"has-post-thumbnail","6":"product_cat-ferments-de-sembra","8":"first","9":"instock","10":"taxable","11":"shipping-taxable","12":"purchasable","13":"product-type-simple"},"acf":[],"_links":{"self":[{"href":"https:\/\/old.agronet.cat\/es\/wp-json\/wp\/v2\/product\/1064","targetHints":{"allow":["GET"]}}],"collection":[{"href":"https:\/\/old.agronet.cat\/es\/wp-json\/wp\/v2\/product"}],"about":[{"href":"https:\/\/old.agronet.cat\/es\/wp-json\/wp\/v2\/types\/product"}],"wp:featuredmedia":[{"embeddable":true,"href":"https:\/\/old.agronet.cat\/es\/wp-json\/wp\/v2\/media\/1067"}],"wp:attachment":[{"href":"https:\/\/old.agronet.cat\/es\/wp-json\/wp\/v2\/media?parent=1064"}],"wp:term":[{"taxonomy":"product_brand","embeddable":true,"href":"https:\/\/old.agronet.cat\/es\/wp-json\/wp\/v2\/product_brand?post=1064"},{"taxonomy":"product_cat","embeddable":true,"href":"https:\/\/old.agronet.cat\/es\/wp-json\/wp\/v2\/product_cat?post=1064"},{"taxonomy":"product_tag","embeddable":true,"href":"https:\/\/old.agronet.cat\/es\/wp-json\/wp\/v2\/product_tag?post=1064"}],"curies":[{"name":"wp","href":"https:\/\/api.w.org\/{rel}","templated":true}]}}