{"id":1071,"date":"2020-09-22T09:38:19","date_gmt":"2020-09-22T09:38:19","guid":{"rendered":"https:\/\/agronet.cat\/?post_type=product&#038;p=1071"},"modified":"2020-09-22T09:41:56","modified_gmt":"2020-09-22T09:41:56","slug":"mm100-lyo","status":"publish","type":"product","link":"https:\/\/old.agronet.cat\/es\/botiga\/ferments\/ferments-de-sembra\/mm100-lyo\/","title":{"rendered":"MM100 LYO"},"content":{"rendered":"","protected":false},"excerpt":{"rendered":"<p class=\"translation-block\">Fermento de cultura mes\u00f3fila homofermentativa para pre-maduraci\u00f3n. <br>\nArom\u00e1tico, r\u00e1pida acidif. Y resist. Fagos alta. Lact.lac-tis subesp. cremoris, Lact.lactis subesp.lactis, Lact.lactis l\u00e1cteos biovar diacetylactis.<\/p>\n<p><strong><br \/>\nAplicaci\u00f3n:<\/strong> siembra en leche<br \/>\n<strong>Formato: <\/strong>250 DCU<\/p>","protected":false},"featured_media":1072,"template":"","meta":{"_acf_changed":false},"product_brand":[],"product_cat":[65],"product_tag":[],"class_list":{"0":"post-1071","1":"product","2":"type-product","3":"status-publish","4":"has-post-thumbnail","6":"product_cat-ferments-de-sembra","8":"first","9":"instock","10":"taxable","11":"shipping-taxable","12":"purchasable","13":"product-type-simple"},"acf":[],"_links":{"self":[{"href":"https:\/\/old.agronet.cat\/es\/wp-json\/wp\/v2\/product\/1071","targetHints":{"allow":["GET"]}}],"collection":[{"href":"https:\/\/old.agronet.cat\/es\/wp-json\/wp\/v2\/product"}],"about":[{"href":"https:\/\/old.agronet.cat\/es\/wp-json\/wp\/v2\/types\/product"}],"wp:featuredmedia":[{"embeddable":true,"href":"https:\/\/old.agronet.cat\/es\/wp-json\/wp\/v2\/media\/1072"}],"wp:attachment":[{"href":"https:\/\/old.agronet.cat\/es\/wp-json\/wp\/v2\/media?parent=1071"}],"wp:term":[{"taxonomy":"product_brand","embeddable":true,"href":"https:\/\/old.agronet.cat\/es\/wp-json\/wp\/v2\/product_brand?post=1071"},{"taxonomy":"product_cat","embeddable":true,"href":"https:\/\/old.agronet.cat\/es\/wp-json\/wp\/v2\/product_cat?post=1071"},{"taxonomy":"product_tag","embeddable":true,"href":"https:\/\/old.agronet.cat\/es\/wp-json\/wp\/v2\/product_tag?post=1071"}],"curies":[{"name":"wp","href":"https:\/\/api.w.org\/{rel}","templated":true}]}}