{"id":1075,"date":"2020-09-22T09:46:58","date_gmt":"2020-09-22T09:46:58","guid":{"rendered":"https:\/\/agronet.cat\/?post_type=product&#038;p=1075"},"modified":"2021-04-30T11:13:27","modified_gmt":"2021-04-30T09:13:27","slug":"my-800-lyo","status":"publish","type":"product","link":"https:\/\/old.agronet.cat\/es\/botiga\/ferments\/ferments-de-sembra\/my-800-lyo\/","title":{"rendered":"MY 800 LYO 50 DCU"},"content":{"rendered":"","protected":false},"excerpt":{"rendered":"<p class=\"translation-block\">Fermento para leches fermentadas y yogures. <br>\nModerada formaci\u00f3n de aroma y gran formaci\u00f3n de polisac\u00e1ridos. <br>\nMucha viscosidad y cremosidad. Streptococcus thermophilus y Lactobacillus delbruecckii subesp.lactis<\/p>\n<p><strong><br \/>\nAplicaci\u00f3n:<\/strong> siembra en leche<br \/>\n<strong>Formato: <\/strong>50 DCU<\/p>","protected":false},"featured_media":1081,"template":"","meta":{"_acf_changed":false},"product_brand":[],"product_cat":[65],"product_tag":[],"class_list":{"0":"post-1075","1":"product","2":"type-product","3":"status-publish","4":"has-post-thumbnail","6":"product_cat-ferments-de-sembra","8":"first","9":"instock","10":"taxable","11":"shipping-taxable","12":"purchasable","13":"product-type-simple"},"acf":[],"_links":{"self":[{"href":"https:\/\/old.agronet.cat\/es\/wp-json\/wp\/v2\/product\/1075","targetHints":{"allow":["GET"]}}],"collection":[{"href":"https:\/\/old.agronet.cat\/es\/wp-json\/wp\/v2\/product"}],"about":[{"href":"https:\/\/old.agronet.cat\/es\/wp-json\/wp\/v2\/types\/product"}],"wp:featuredmedia":[{"embeddable":true,"href":"https:\/\/old.agronet.cat\/es\/wp-json\/wp\/v2\/media\/1081"}],"wp:attachment":[{"href":"https:\/\/old.agronet.cat\/es\/wp-json\/wp\/v2\/media?parent=1075"}],"wp:term":[{"taxonomy":"product_brand","embeddable":true,"href":"https:\/\/old.agronet.cat\/es\/wp-json\/wp\/v2\/product_brand?post=1075"},{"taxonomy":"product_cat","embeddable":true,"href":"https:\/\/old.agronet.cat\/es\/wp-json\/wp\/v2\/product_cat?post=1075"},{"taxonomy":"product_tag","embeddable":true,"href":"https:\/\/old.agronet.cat\/es\/wp-json\/wp\/v2\/product_tag?post=1075"}],"curies":[{"name":"wp","href":"https:\/\/api.w.org\/{rel}","templated":true}]}}