{"id":1084,"date":"2020-09-22T10:04:24","date_gmt":"2020-09-22T10:04:24","guid":{"rendered":"https:\/\/agronet.cat\/?post_type=product&#038;p=1084"},"modified":"2020-09-22T10:05:42","modified_gmt":"2020-09-22T10:05:42","slug":"ra-24-lyo","status":"publish","type":"product","link":"https:\/\/old.agronet.cat\/es\/botiga\/ferments\/ferments-de-sembra\/ra-24-lyo\/","title":{"rendered":"RA 24 LYO"},"content":{"rendered":"","protected":false},"excerpt":{"rendered":"<p class=\"translation-block\">Mes\u00f3filo + term\u00f3filas para elaboraci\u00f3n de Chedar y pastas semi duras. Rotativo RA22. <br>\nLactococcus lactis subesp. cremoris y Lact.lactis subesp. L\u00e1cteos, Streptococcus thermophi-lus.<\/p>\n<p><strong><br \/>\nAplicaci\u00f3n:<\/strong> siembra en leche<br \/>\n<strong>Formato: <\/strong>50 DCU<\/p>","protected":false},"featured_media":1085,"template":"","meta":{"_acf_changed":false},"product_brand":[],"product_cat":[65],"product_tag":[],"class_list":{"0":"post-1084","1":"product","2":"type-product","3":"status-publish","4":"has-post-thumbnail","6":"product_cat-ferments-de-sembra","8":"first","9":"instock","10":"taxable","11":"shipping-taxable","12":"purchasable","13":"product-type-simple"},"acf":[],"_links":{"self":[{"href":"https:\/\/old.agronet.cat\/es\/wp-json\/wp\/v2\/product\/1084","targetHints":{"allow":["GET"]}}],"collection":[{"href":"https:\/\/old.agronet.cat\/es\/wp-json\/wp\/v2\/product"}],"about":[{"href":"https:\/\/old.agronet.cat\/es\/wp-json\/wp\/v2\/types\/product"}],"wp:featuredmedia":[{"embeddable":true,"href":"https:\/\/old.agronet.cat\/es\/wp-json\/wp\/v2\/media\/1085"}],"wp:attachment":[{"href":"https:\/\/old.agronet.cat\/es\/wp-json\/wp\/v2\/media?parent=1084"}],"wp:term":[{"taxonomy":"product_brand","embeddable":true,"href":"https:\/\/old.agronet.cat\/es\/wp-json\/wp\/v2\/product_brand?post=1084"},{"taxonomy":"product_cat","embeddable":true,"href":"https:\/\/old.agronet.cat\/es\/wp-json\/wp\/v2\/product_cat?post=1084"},{"taxonomy":"product_tag","embeddable":true,"href":"https:\/\/old.agronet.cat\/es\/wp-json\/wp\/v2\/product_tag?post=1084"}],"curies":[{"name":"wp","href":"https:\/\/api.w.org\/{rel}","templated":true}]}}