{"id":1144,"date":"2020-09-23T07:00:08","date_gmt":"2020-09-23T07:00:08","guid":{"rendered":"https:\/\/agronet.cat\/?post_type=product&#038;p=1144"},"modified":"2020-09-23T07:00:51","modified_gmt":"2020-09-23T07:00:51","slug":"acid-lactic-80","status":"publish","type":"product","link":"https:\/\/old.agronet.cat\/es\/botiga\/preparats-i-additius\/tractament-daigues\/acid-lactic-80\/","title":{"rendered":"\u00c1CIDO L\u00c1CTICO 80%"},"content":{"rendered":"","protected":false},"excerpt":{"rendered":"<p>L\u00edquido incoloro o ligeramente amarillento, inodoro o con ligero olor.<\/p>\n<p><strong><br \/>\nRiqueza: <\/strong>80%<\/p>","protected":false},"featured_media":1150,"template":"","meta":{"_acf_changed":false},"product_brand":[],"product_cat":[59],"product_tag":[],"class_list":{"0":"post-1144","1":"product","2":"type-product","3":"status-publish","4":"has-post-thumbnail","6":"product_cat-tractament-daigues","8":"first","9":"instock","10":"taxable","11":"shipping-taxable","12":"purchasable","13":"product-type-variable"},"acf":[],"_links":{"self":[{"href":"https:\/\/old.agronet.cat\/es\/wp-json\/wp\/v2\/product\/1144","targetHints":{"allow":["GET"]}}],"collection":[{"href":"https:\/\/old.agronet.cat\/es\/wp-json\/wp\/v2\/product"}],"about":[{"href":"https:\/\/old.agronet.cat\/es\/wp-json\/wp\/v2\/types\/product"}],"wp:featuredmedia":[{"embeddable":true,"href":"https:\/\/old.agronet.cat\/es\/wp-json\/wp\/v2\/media\/1150"}],"wp:attachment":[{"href":"https:\/\/old.agronet.cat\/es\/wp-json\/wp\/v2\/media?parent=1144"}],"wp:term":[{"taxonomy":"product_brand","embeddable":true,"href":"https:\/\/old.agronet.cat\/es\/wp-json\/wp\/v2\/product_brand?post=1144"},{"taxonomy":"product_cat","embeddable":true,"href":"https:\/\/old.agronet.cat\/es\/wp-json\/wp\/v2\/product_cat?post=1144"},{"taxonomy":"product_tag","embeddable":true,"href":"https:\/\/old.agronet.cat\/es\/wp-json\/wp\/v2\/product_tag?post=1144"}],"curies":[{"name":"wp","href":"https:\/\/api.w.org\/{rel}","templated":true}]}}