{"id":1195,"date":"2020-09-23T10:04:26","date_gmt":"2020-09-23T08:04:26","guid":{"rendered":"https:\/\/agronet.cat\/?post_type=product&#038;p=1195"},"modified":"2020-09-23T10:25:08","modified_gmt":"2020-09-23T08:25:08","slug":"clorur-calcic","status":"publish","type":"product","link":"https:\/\/old.agronet.cat\/es\/botiga\/preparats-i-additius\/tractament-daigues\/clorur-calcic\/","title":{"rendered":"CLORURO C\u00c1LCICO"},"content":{"rendered":"","protected":false},"excerpt":{"rendered":"<p class=\"translation-block\">Soluci\u00f3n liquida de cloruro c\u00e1lcico por adici\u00f3n en leche para recomposici\u00f3n de la fracci\u00f3n mineral. <br>\nIdeal para leches pasteurizadas, mejora de rendimientos, etc.<\/p>\n<p><strong>Riqueza:<\/strong> m\u00ednima 35%<\/p>","protected":false},"featured_media":1203,"template":"","meta":{"_acf_changed":false},"product_brand":[],"product_cat":[59],"product_tag":[],"class_list":{"0":"post-1195","1":"product","2":"type-product","3":"status-publish","4":"has-post-thumbnail","6":"product_cat-tractament-daigues","8":"first","9":"instock","10":"taxable","11":"shipping-taxable","12":"purchasable","13":"product-type-variable"},"acf":[],"_links":{"self":[{"href":"https:\/\/old.agronet.cat\/es\/wp-json\/wp\/v2\/product\/1195","targetHints":{"allow":["GET"]}}],"collection":[{"href":"https:\/\/old.agronet.cat\/es\/wp-json\/wp\/v2\/product"}],"about":[{"href":"https:\/\/old.agronet.cat\/es\/wp-json\/wp\/v2\/types\/product"}],"wp:featuredmedia":[{"embeddable":true,"href":"https:\/\/old.agronet.cat\/es\/wp-json\/wp\/v2\/media\/1203"}],"wp:attachment":[{"href":"https:\/\/old.agronet.cat\/es\/wp-json\/wp\/v2\/media?parent=1195"}],"wp:term":[{"taxonomy":"product_brand","embeddable":true,"href":"https:\/\/old.agronet.cat\/es\/wp-json\/wp\/v2\/product_brand?post=1195"},{"taxonomy":"product_cat","embeddable":true,"href":"https:\/\/old.agronet.cat\/es\/wp-json\/wp\/v2\/product_cat?post=1195"},{"taxonomy":"product_tag","embeddable":true,"href":"https:\/\/old.agronet.cat\/es\/wp-json\/wp\/v2\/product_tag?post=1195"}],"curies":[{"name":"wp","href":"https:\/\/api.w.org\/{rel}","templated":true}]}}