{"id":1204,"date":"2020-09-23T10:26:00","date_gmt":"2020-09-23T08:26:00","guid":{"rendered":"https:\/\/agronet.cat\/?post_type=product&#038;p=1204"},"modified":"2020-10-29T13:12:42","modified_gmt":"2020-10-29T11:12:42","slug":"recobriments-descorca-per-al-tractament-extern-de-formatges","status":"publish","type":"product","link":"https:\/\/old.agronet.cat\/es\/botiga\/preparats-i-additius\/recobriments\/recobriments-descorca-per-al-tractament-extern-de-formatges\/","title":{"rendered":"RECUBRIMIENTOS DE CORTEZA PARA EL TRATAMIENTO EXTERNO DE QUESOS"},"content":{"rendered":"","protected":false},"excerpt":{"rendered":"<p class=\"translation-block\">Amplia gama de productos naturales para cortezas comestibles (gomas naturales y caseinatos) y por cortezas no comestibles (PVA). <br>\nDiferentes acabados, colores, m\u00e9todo de aplicaci\u00f3n, antif\u00fangicos, etc. seg\u00fan necesidades del producto y del cliente.<\/p>\n<p><strong>* Consultar disponibilidad y muestras de producto.<\/strong><\/p>\n<p>&nbsp;<\/p>","protected":false},"featured_media":1206,"template":"","meta":{"_acf_changed":false},"product_brand":[],"product_cat":[57],"product_tag":[],"class_list":{"0":"post-1204","1":"product","2":"type-product","3":"status-publish","4":"has-post-thumbnail","6":"product_cat-recobriments","8":"first","9":"instock","10":"taxable","11":"shipping-taxable","12":"product-type-simple"},"acf":[],"_links":{"self":[{"href":"https:\/\/old.agronet.cat\/es\/wp-json\/wp\/v2\/product\/1204","targetHints":{"allow":["GET"]}}],"collection":[{"href":"https:\/\/old.agronet.cat\/es\/wp-json\/wp\/v2\/product"}],"about":[{"href":"https:\/\/old.agronet.cat\/es\/wp-json\/wp\/v2\/types\/product"}],"wp:featuredmedia":[{"embeddable":true,"href":"https:\/\/old.agronet.cat\/es\/wp-json\/wp\/v2\/media\/1206"}],"wp:attachment":[{"href":"https:\/\/old.agronet.cat\/es\/wp-json\/wp\/v2\/media?parent=1204"}],"wp:term":[{"taxonomy":"product_brand","embeddable":true,"href":"https:\/\/old.agronet.cat\/es\/wp-json\/wp\/v2\/product_brand?post=1204"},{"taxonomy":"product_cat","embeddable":true,"href":"https:\/\/old.agronet.cat\/es\/wp-json\/wp\/v2\/product_cat?post=1204"},{"taxonomy":"product_tag","embeddable":true,"href":"https:\/\/old.agronet.cat\/es\/wp-json\/wp\/v2\/product_tag?post=1204"}],"curies":[{"name":"wp","href":"https:\/\/api.w.org\/{rel}","templated":true}]}}