{"id":1546,"date":"2020-09-25T08:58:33","date_gmt":"2020-09-25T06:58:33","guid":{"rendered":"https:\/\/agronet.cat\/?post_type=product&#038;p=1546"},"modified":"2020-09-25T11:36:36","modified_gmt":"2020-09-25T09:36:36","slug":"mesurador-ph-impermeable","status":"publish","type":"product","link":"https:\/\/old.agronet.cat\/es\/botiga\/aparells-de-medicio\/ph-conductivitat-i-oxigen-dissolt\/mesurador-ph-impermeable\/","title":{"rendered":"MEDIDOR pH IMPERMEABLE"},"content":{"rendered":"","protected":false},"excerpt":{"rendered":"<p class=\"translation-block\">Medidor profesional e impermeable que mide con precisi\u00f3n el pH, el ORP y la temperatura. <br>\nCon funciones de diagn\u00f3stico incorporados para las mediciones m\u00e1s precisas y con registro para que nunca se pierda una medici\u00f3n.<\/p>","protected":false},"featured_media":1615,"template":"","meta":{"_acf_changed":false},"product_brand":[],"product_cat":[85],"product_tag":[],"class_list":{"0":"post-1546","1":"product","2":"type-product","3":"status-publish","4":"has-post-thumbnail","6":"product_cat-ph-conductivitat-i-oxigen-dissolt","8":"first","9":"instock","10":"taxable","11":"shipping-taxable","12":"purchasable","13":"product-type-simple"},"acf":[],"_links":{"self":[{"href":"https:\/\/old.agronet.cat\/es\/wp-json\/wp\/v2\/product\/1546","targetHints":{"allow":["GET"]}}],"collection":[{"href":"https:\/\/old.agronet.cat\/es\/wp-json\/wp\/v2\/product"}],"about":[{"href":"https:\/\/old.agronet.cat\/es\/wp-json\/wp\/v2\/types\/product"}],"wp:featuredmedia":[{"embeddable":true,"href":"https:\/\/old.agronet.cat\/es\/wp-json\/wp\/v2\/media\/1615"}],"wp:attachment":[{"href":"https:\/\/old.agronet.cat\/es\/wp-json\/wp\/v2\/media?parent=1546"}],"wp:term":[{"taxonomy":"product_brand","embeddable":true,"href":"https:\/\/old.agronet.cat\/es\/wp-json\/wp\/v2\/product_brand?post=1546"},{"taxonomy":"product_cat","embeddable":true,"href":"https:\/\/old.agronet.cat\/es\/wp-json\/wp\/v2\/product_cat?post=1546"},{"taxonomy":"product_tag","embeddable":true,"href":"https:\/\/old.agronet.cat\/es\/wp-json\/wp\/v2\/product_tag?post=1546"}],"curies":[{"name":"wp","href":"https:\/\/api.w.org\/{rel}","templated":true}]}}