{"id":1555,"date":"2020-09-25T09:21:22","date_gmt":"2020-09-25T07:21:22","guid":{"rendered":"https:\/\/agronet.cat\/?post_type=product&#038;p=1555"},"modified":"2020-11-03T14:08:46","modified_gmt":"2020-11-03T12:08:46","slug":"kit-bt-scan-strip","status":"publish","type":"product","link":"https:\/\/old.agronet.cat\/es\/botiga\/aparells-de-medicio\/kits-de-deteccio-dantibiotics\/kit-bt-scan-strip\/","title":{"rendered":"KIT BT SCAN STRIP"},"content":{"rendered":"","protected":false},"excerpt":{"rendered":"<p class=\"translation-block\">Es un ensayo en formato de tira r\u00e1pida para la detecci\u00f3n de beta lact\u00e1micos y tetraciclinas en una sola operaci\u00f3n. <br>\nNecesita 6 minutos de incubaci\u00f3n a 40\u00baC. <br>\nEquivalente a Twinsensor.<\/p>\n<p><strong>Numero de pruebas:<\/strong> 100 detecciones.<\/p>","protected":false},"featured_media":1557,"template":"","meta":{"_acf_changed":false},"product_brand":[],"product_cat":[51],"product_tag":[],"class_list":{"0":"post-1555","1":"product","2":"type-product","3":"status-publish","4":"has-post-thumbnail","6":"product_cat-kits-de-deteccio-dantibiotics","8":"first","9":"instock","10":"taxable","11":"shipping-taxable","12":"purchasable","13":"product-type-simple"},"acf":[],"_links":{"self":[{"href":"https:\/\/old.agronet.cat\/es\/wp-json\/wp\/v2\/product\/1555","targetHints":{"allow":["GET"]}}],"collection":[{"href":"https:\/\/old.agronet.cat\/es\/wp-json\/wp\/v2\/product"}],"about":[{"href":"https:\/\/old.agronet.cat\/es\/wp-json\/wp\/v2\/types\/product"}],"wp:featuredmedia":[{"embeddable":true,"href":"https:\/\/old.agronet.cat\/es\/wp-json\/wp\/v2\/media\/1557"}],"wp:attachment":[{"href":"https:\/\/old.agronet.cat\/es\/wp-json\/wp\/v2\/media?parent=1555"}],"wp:term":[{"taxonomy":"product_brand","embeddable":true,"href":"https:\/\/old.agronet.cat\/es\/wp-json\/wp\/v2\/product_brand?post=1555"},{"taxonomy":"product_cat","embeddable":true,"href":"https:\/\/old.agronet.cat\/es\/wp-json\/wp\/v2\/product_cat?post=1555"},{"taxonomy":"product_tag","embeddable":true,"href":"https:\/\/old.agronet.cat\/es\/wp-json\/wp\/v2\/product_tag?post=1555"}],"curies":[{"name":"wp","href":"https:\/\/api.w.org\/{rel}","templated":true}]}}