{"id":1558,"date":"2020-09-25T09:25:46","date_gmt":"2020-09-25T07:25:46","guid":{"rendered":"https:\/\/agronet.cat\/?post_type=product&#038;p=1558"},"modified":"2020-09-25T09:29:02","modified_gmt":"2020-09-25T07:29:02","slug":"proquitest-r967","status":"publish","type":"product","link":"https:\/\/old.agronet.cat\/es\/botiga\/aparells-de-medicio\/kits-de-deteccio-dantibiotics\/proquitest-r967\/","title":{"rendered":"PROQUITEST R967"},"content":{"rendered":"","protected":false},"excerpt":{"rendered":"<p class=\"translation-block\">Test r\u00e1pido para detecci\u00f3n de antibi\u00f3ticos en leche, totalmente innovador. <br>\nMide los niveles tanto de lact\u00e1micos, como de tetraciclinas. <br>\nLos resultados del test est\u00e1n disponibles en 5 minutos. <br>\nNo necesita incubaci\u00f3n.<\/p>\n<p><strong>N\u00famero de pruebas:<\/strong> 96 detecciones.<\/p>","protected":false},"featured_media":1559,"template":"","meta":{"_acf_changed":false},"product_brand":[],"product_cat":[51],"product_tag":[],"class_list":{"0":"post-1558","1":"product","2":"type-product","3":"status-publish","4":"has-post-thumbnail","6":"product_cat-kits-de-deteccio-dantibiotics","8":"first","9":"instock","10":"taxable","11":"shipping-taxable","12":"purchasable","13":"product-type-simple"},"acf":[],"_links":{"self":[{"href":"https:\/\/old.agronet.cat\/es\/wp-json\/wp\/v2\/product\/1558","targetHints":{"allow":["GET"]}}],"collection":[{"href":"https:\/\/old.agronet.cat\/es\/wp-json\/wp\/v2\/product"}],"about":[{"href":"https:\/\/old.agronet.cat\/es\/wp-json\/wp\/v2\/types\/product"}],"wp:featuredmedia":[{"embeddable":true,"href":"https:\/\/old.agronet.cat\/es\/wp-json\/wp\/v2\/media\/1559"}],"wp:attachment":[{"href":"https:\/\/old.agronet.cat\/es\/wp-json\/wp\/v2\/media?parent=1558"}],"wp:term":[{"taxonomy":"product_brand","embeddable":true,"href":"https:\/\/old.agronet.cat\/es\/wp-json\/wp\/v2\/product_brand?post=1558"},{"taxonomy":"product_cat","embeddable":true,"href":"https:\/\/old.agronet.cat\/es\/wp-json\/wp\/v2\/product_cat?post=1558"},{"taxonomy":"product_tag","embeddable":true,"href":"https:\/\/old.agronet.cat\/es\/wp-json\/wp\/v2\/product_tag?post=1558"}],"curies":[{"name":"wp","href":"https:\/\/api.w.org\/{rel}","templated":true}]}}