{"id":1572,"date":"2020-09-25T09:47:26","date_gmt":"2020-09-25T07:47:26","guid":{"rendered":"https:\/\/agronet.cat\/?post_type=product&#038;p=1572"},"modified":"2020-09-25T11:28:52","modified_gmt":"2020-09-25T09:28:52","slug":"tires-phosphatesmo","status":"publish","type":"product","link":"https:\/\/old.agronet.cat\/es\/botiga\/aparells-de-medicio\/fosfatassa-alcalina\/tires-phosphatesmo\/","title":{"rendered":"TIRAS PHOSPHATESMO"},"content":{"rendered":"","protected":false},"excerpt":{"rendered":"<p>An\u00e1lisis de fosfatasa alcalina en leche, papel de ensayo cualitativo 10 \u00d7 95 mm, test r\u00e1pido para control de pasteurizaci\u00f3n de leche cruda.<\/p>\n<p><strong>Formato: <\/strong>50 tiras de detecci\u00f3n<\/p>","protected":false},"featured_media":1573,"template":"","meta":{"_acf_changed":false},"product_brand":[],"product_cat":[47],"product_tag":[],"class_list":{"0":"post-1572","1":"product","2":"type-product","3":"status-publish","4":"has-post-thumbnail","6":"product_cat-fosfatassa-alcalina","8":"first","9":"instock","10":"taxable","11":"shipping-taxable","12":"purchasable","13":"product-type-simple"},"acf":[],"_links":{"self":[{"href":"https:\/\/old.agronet.cat\/es\/wp-json\/wp\/v2\/product\/1572","targetHints":{"allow":["GET"]}}],"collection":[{"href":"https:\/\/old.agronet.cat\/es\/wp-json\/wp\/v2\/product"}],"about":[{"href":"https:\/\/old.agronet.cat\/es\/wp-json\/wp\/v2\/types\/product"}],"wp:featuredmedia":[{"embeddable":true,"href":"https:\/\/old.agronet.cat\/es\/wp-json\/wp\/v2\/media\/1573"}],"wp:attachment":[{"href":"https:\/\/old.agronet.cat\/es\/wp-json\/wp\/v2\/media?parent=1572"}],"wp:term":[{"taxonomy":"product_brand","embeddable":true,"href":"https:\/\/old.agronet.cat\/es\/wp-json\/wp\/v2\/product_brand?post=1572"},{"taxonomy":"product_cat","embeddable":true,"href":"https:\/\/old.agronet.cat\/es\/wp-json\/wp\/v2\/product_cat?post=1572"},{"taxonomy":"product_tag","embeddable":true,"href":"https:\/\/old.agronet.cat\/es\/wp-json\/wp\/v2\/product_tag?post=1572"}],"curies":[{"name":"wp","href":"https:\/\/api.w.org\/{rel}","templated":true}]}}