{"id":1613,"date":"2020-09-25T11:29:31","date_gmt":"2020-09-25T09:29:31","guid":{"rendered":"https:\/\/agronet.cat\/?post_type=product&#038;p=1613"},"modified":"2020-09-25T11:42:22","modified_gmt":"2020-09-25T09:42:22","slug":"mesurador-imp-oxigen-dissolt-hi-98199","status":"publish","type":"product","link":"https:\/\/old.agronet.cat\/es\/botiga\/aparells-de-medicio\/ph-conductivitat-i-oxigen-dissolt\/mesurador-imp-oxigen-dissolt-hi-98199\/","title":{"rendered":"MEDIDOR IMP OX\u00cdGENO DISUELTO HI 98199"},"content":{"rendered":"","protected":false},"excerpt":{"rendered":"<p class=\"translation-block\">El medidor HI98199 es un equipo vers\u00e1til que puede medir, pH, Conductividad o Ox\u00edgeno disuelto, con el sensor correspondiente para cada par\u00e1metro. <br>\nEste equipo, se suministra con el electrodo de pH y se le pueden a\u00f1adir las sondas de CE y OD. Todas las sondas son digitales y cuentan con sensor de temperatura integrado y conector QDIN de Hanna.<\/p>\n<ul>\n<li>Robusto, dise\u00f1ado para aplicaciones industriales.<\/li>\n<li>Impermeable IP67, equipo y connector.<\/li>\n<li>Registro de datos y salida mediante cable USB.<\/li>\n<li>Se suministra con malet\u00edn completo.<\/li>\n<\/ul>","protected":false},"featured_media":1616,"template":"","meta":{"_acf_changed":false},"product_brand":[],"product_cat":[85],"product_tag":[],"class_list":{"0":"post-1613","1":"product","2":"type-product","3":"status-publish","4":"has-post-thumbnail","6":"product_cat-ph-conductivitat-i-oxigen-dissolt","8":"first","9":"instock","10":"taxable","11":"shipping-taxable","12":"purchasable","13":"product-type-simple"},"acf":[],"_links":{"self":[{"href":"https:\/\/old.agronet.cat\/es\/wp-json\/wp\/v2\/product\/1613","targetHints":{"allow":["GET"]}}],"collection":[{"href":"https:\/\/old.agronet.cat\/es\/wp-json\/wp\/v2\/product"}],"about":[{"href":"https:\/\/old.agronet.cat\/es\/wp-json\/wp\/v2\/types\/product"}],"wp:featuredmedia":[{"embeddable":true,"href":"https:\/\/old.agronet.cat\/es\/wp-json\/wp\/v2\/media\/1616"}],"wp:attachment":[{"href":"https:\/\/old.agronet.cat\/es\/wp-json\/wp\/v2\/media?parent=1613"}],"wp:term":[{"taxonomy":"product_brand","embeddable":true,"href":"https:\/\/old.agronet.cat\/es\/wp-json\/wp\/v2\/product_brand?post=1613"},{"taxonomy":"product_cat","embeddable":true,"href":"https:\/\/old.agronet.cat\/es\/wp-json\/wp\/v2\/product_cat?post=1613"},{"taxonomy":"product_tag","embeddable":true,"href":"https:\/\/old.agronet.cat\/es\/wp-json\/wp\/v2\/product_tag?post=1613"}],"curies":[{"name":"wp","href":"https:\/\/api.w.org\/{rel}","templated":true}]}}