{"id":1619,"date":"2020-09-25T11:46:45","date_gmt":"2020-09-25T09:46:45","guid":{"rendered":"https:\/\/agronet.cat\/?post_type=product&#038;p=1619"},"modified":"2020-09-25T11:53:34","modified_gmt":"2020-09-25T09:53:34","slug":"lluminometre-system-sure-plus","status":"publish","type":"product","link":"https:\/\/old.agronet.cat\/es\/botiga\/aparells-de-medicio\/control-dhigiene\/lluminometre-system-sure-plus\/","title":{"rendered":"LUMIN\u00d3METRO SYSTEM SURE PLUS"},"content":{"rendered":"","protected":false},"excerpt":{"rendered":"<p class=\"translation-block\">Es un sistema de monitorizaci\u00f3n que emplea un \u00fanico instrumento para analizar, almacenar y reportar datos de m\u00faltiples indicadores de calidad. <br>\nEmpleando tecnolog\u00edas de \u00faltima generaci\u00f3.Detecci\u00f3 de microbios en H2O y superficies.<\/p>","protected":false},"featured_media":1620,"template":"","meta":{"_acf_changed":false},"product_brand":[],"product_cat":[86],"product_tag":[],"class_list":{"0":"post-1619","1":"product","2":"type-product","3":"status-publish","4":"has-post-thumbnail","6":"product_cat-control-dhigiene","8":"first","9":"instock","10":"taxable","11":"shipping-taxable","12":"purchasable","13":"product-type-simple"},"acf":[],"_links":{"self":[{"href":"https:\/\/old.agronet.cat\/es\/wp-json\/wp\/v2\/product\/1619","targetHints":{"allow":["GET"]}}],"collection":[{"href":"https:\/\/old.agronet.cat\/es\/wp-json\/wp\/v2\/product"}],"about":[{"href":"https:\/\/old.agronet.cat\/es\/wp-json\/wp\/v2\/types\/product"}],"wp:featuredmedia":[{"embeddable":true,"href":"https:\/\/old.agronet.cat\/es\/wp-json\/wp\/v2\/media\/1620"}],"wp:attachment":[{"href":"https:\/\/old.agronet.cat\/es\/wp-json\/wp\/v2\/media?parent=1619"}],"wp:term":[{"taxonomy":"product_brand","embeddable":true,"href":"https:\/\/old.agronet.cat\/es\/wp-json\/wp\/v2\/product_brand?post=1619"},{"taxonomy":"product_cat","embeddable":true,"href":"https:\/\/old.agronet.cat\/es\/wp-json\/wp\/v2\/product_cat?post=1619"},{"taxonomy":"product_tag","embeddable":true,"href":"https:\/\/old.agronet.cat\/es\/wp-json\/wp\/v2\/product_tag?post=1619"}],"curies":[{"name":"wp","href":"https:\/\/api.w.org\/{rel}","templated":true}]}}