{"id":1621,"date":"2020-09-25T12:01:59","date_gmt":"2020-09-25T10:01:59","guid":{"rendered":"https:\/\/agronet.cat\/?post_type=product&#038;p=1621"},"modified":"2020-09-25T12:04:24","modified_gmt":"2020-09-25T10:04:24","slug":"electrode-ph-liquids","status":"publish","type":"product","link":"https:\/\/old.agronet.cat\/es\/botiga\/recanvis-i-subministres-per-a-medicio\/electrode-ph-liquids\/","title":{"rendered":"ELECTRODO PH L\u00cdQUIDOS"},"content":{"rendered":"","protected":false},"excerpt":{"rendered":"<p class=\"translation-block\">Ideal para la medida de pH de medios l\u00edquidos, para procesos de alimentaci\u00f3n, aplicaciones agr\u00edcolas y de laboratorio. <br>\nTemperatura de funcionamiento entre 0 y 60 \u00baC. \u00d812 x 120 mm.<\/p>","protected":false},"featured_media":1622,"template":"","meta":{"_acf_changed":false},"product_brand":[],"product_cat":[42],"product_tag":[],"class_list":{"0":"post-1621","1":"product","2":"type-product","3":"status-publish","4":"has-post-thumbnail","6":"product_cat-recanvis-i-subministres-per-a-medicio","8":"first","9":"instock","10":"taxable","11":"shipping-taxable","12":"purchasable","13":"product-type-simple"},"acf":[],"_links":{"self":[{"href":"https:\/\/old.agronet.cat\/es\/wp-json\/wp\/v2\/product\/1621","targetHints":{"allow":["GET"]}}],"collection":[{"href":"https:\/\/old.agronet.cat\/es\/wp-json\/wp\/v2\/product"}],"about":[{"href":"https:\/\/old.agronet.cat\/es\/wp-json\/wp\/v2\/types\/product"}],"wp:featuredmedia":[{"embeddable":true,"href":"https:\/\/old.agronet.cat\/es\/wp-json\/wp\/v2\/media\/1622"}],"wp:attachment":[{"href":"https:\/\/old.agronet.cat\/es\/wp-json\/wp\/v2\/media?parent=1621"}],"wp:term":[{"taxonomy":"product_brand","embeddable":true,"href":"https:\/\/old.agronet.cat\/es\/wp-json\/wp\/v2\/product_brand?post=1621"},{"taxonomy":"product_cat","embeddable":true,"href":"https:\/\/old.agronet.cat\/es\/wp-json\/wp\/v2\/product_cat?post=1621"},{"taxonomy":"product_tag","embeddable":true,"href":"https:\/\/old.agronet.cat\/es\/wp-json\/wp\/v2\/product_tag?post=1621"}],"curies":[{"name":"wp","href":"https:\/\/api.w.org\/{rel}","templated":true}]}}