{"id":1627,"date":"2020-09-25T12:11:23","date_gmt":"2020-09-25T10:11:23","guid":{"rendered":"https:\/\/agronet.cat\/?post_type=product&#038;p=1627"},"modified":"2020-09-25T12:13:03","modified_gmt":"2020-09-25T10:13:03","slug":"electrode-ph-semisolids","status":"publish","type":"product","link":"https:\/\/old.agronet.cat\/es\/botiga\/recanvis-i-subministres-per-a-medicio\/electrode-ph-semisolids\/","title":{"rendered":"ELECTRODO PH SEMIS\u00d3LIDOS"},"content":{"rendered":"","protected":false},"excerpt":{"rendered":"<p>Electrodo de pH ideal para industria alimentaria con punta de vidrio c\u00f3nica, especialmente indicado para productos l\u00e1cteos, yogur, queso y otros alimentos semis\u00f3lidos.<\/p>","protected":false},"featured_media":1628,"template":"","meta":{"_acf_changed":false},"product_brand":[],"product_cat":[42],"product_tag":[],"class_list":{"0":"post-1627","1":"product","2":"type-product","3":"status-publish","4":"has-post-thumbnail","6":"product_cat-recanvis-i-subministres-per-a-medicio","8":"first","9":"instock","10":"taxable","11":"shipping-taxable","12":"purchasable","13":"product-type-simple"},"acf":[],"_links":{"self":[{"href":"https:\/\/old.agronet.cat\/es\/wp-json\/wp\/v2\/product\/1627","targetHints":{"allow":["GET"]}}],"collection":[{"href":"https:\/\/old.agronet.cat\/es\/wp-json\/wp\/v2\/product"}],"about":[{"href":"https:\/\/old.agronet.cat\/es\/wp-json\/wp\/v2\/types\/product"}],"wp:featuredmedia":[{"embeddable":true,"href":"https:\/\/old.agronet.cat\/es\/wp-json\/wp\/v2\/media\/1628"}],"wp:attachment":[{"href":"https:\/\/old.agronet.cat\/es\/wp-json\/wp\/v2\/media?parent=1627"}],"wp:term":[{"taxonomy":"product_brand","embeddable":true,"href":"https:\/\/old.agronet.cat\/es\/wp-json\/wp\/v2\/product_brand?post=1627"},{"taxonomy":"product_cat","embeddable":true,"href":"https:\/\/old.agronet.cat\/es\/wp-json\/wp\/v2\/product_cat?post=1627"},{"taxonomy":"product_tag","embeddable":true,"href":"https:\/\/old.agronet.cat\/es\/wp-json\/wp\/v2\/product_tag?post=1627"}],"curies":[{"name":"wp","href":"https:\/\/api.w.org\/{rel}","templated":true}]}}