{"id":1645,"date":"2020-09-25T12:31:16","date_gmt":"2020-09-25T10:31:16","guid":{"rendered":"https:\/\/agronet.cat\/?post_type=product&#038;p=1645"},"modified":"2020-09-25T12:35:32","modified_gmt":"2020-09-25T10:35:32","slug":"solucio-tampo-ph-7","status":"publish","type":"product","link":"https:\/\/old.agronet.cat\/es\/botiga\/recanvis-i-subministres-per-a-medicio\/solucio-tampo-ph-7\/","title":{"rendered":"SOLUCI\u00d3N TAMP\u00d3N PH 7"},"content":{"rendered":"","protected":false},"excerpt":{"rendered":"<p>Soluci\u00f3n estandarizada a 07:01 \u03bcS \/ cm para calibraci\u00f3n de phimetres.<\/p>","protected":false},"featured_media":1648,"template":"","meta":{"_acf_changed":false},"product_brand":[],"product_cat":[42],"product_tag":[],"class_list":{"0":"post-1645","1":"product","2":"type-product","3":"status-publish","4":"has-post-thumbnail","6":"product_cat-recanvis-i-subministres-per-a-medicio","8":"first","9":"instock","10":"taxable","11":"shipping-taxable","12":"purchasable","13":"product-type-variable"},"acf":[],"_links":{"self":[{"href":"https:\/\/old.agronet.cat\/es\/wp-json\/wp\/v2\/product\/1645","targetHints":{"allow":["GET"]}}],"collection":[{"href":"https:\/\/old.agronet.cat\/es\/wp-json\/wp\/v2\/product"}],"about":[{"href":"https:\/\/old.agronet.cat\/es\/wp-json\/wp\/v2\/types\/product"}],"wp:featuredmedia":[{"embeddable":true,"href":"https:\/\/old.agronet.cat\/es\/wp-json\/wp\/v2\/media\/1648"}],"wp:attachment":[{"href":"https:\/\/old.agronet.cat\/es\/wp-json\/wp\/v2\/media?parent=1645"}],"wp:term":[{"taxonomy":"product_brand","embeddable":true,"href":"https:\/\/old.agronet.cat\/es\/wp-json\/wp\/v2\/product_brand?post=1645"},{"taxonomy":"product_cat","embeddable":true,"href":"https:\/\/old.agronet.cat\/es\/wp-json\/wp\/v2\/product_cat?post=1645"},{"taxonomy":"product_tag","embeddable":true,"href":"https:\/\/old.agronet.cat\/es\/wp-json\/wp\/v2\/product_tag?post=1645"}],"curies":[{"name":"wp","href":"https:\/\/api.w.org\/{rel}","templated":true}]}}