{"id":1653,"date":"2020-09-25T12:38:39","date_gmt":"2020-09-25T10:38:39","guid":{"rendered":"https:\/\/agronet.cat\/?post_type=product&#038;p=1653"},"modified":"2020-09-25T12:40:39","modified_gmt":"2020-09-25T10:40:39","slug":"solucio-calibracio","status":"publish","type":"product","link":"https:\/\/old.agronet.cat\/es\/botiga\/recanvis-i-subministres-per-a-medicio\/solucio-calibracio\/","title":{"rendered":"SOLUCI\u00d3N CALIBRACI\u00d3N"},"content":{"rendered":"","protected":false},"excerpt":{"rendered":"<p>Soluci\u00f3n est\u00e1ndar de conductividad de 84\u03bcS \/ cm que se preparan utilizando una soluci\u00f3n de cloruro de potasio trazable a NIST.<\/p>","protected":false},"featured_media":1655,"template":"","meta":{"_acf_changed":false},"product_brand":[],"product_cat":[42],"product_tag":[],"class_list":{"0":"post-1653","1":"product","2":"type-product","3":"status-publish","4":"has-post-thumbnail","6":"product_cat-recanvis-i-subministres-per-a-medicio","8":"first","9":"instock","10":"taxable","11":"shipping-taxable","12":"purchasable","13":"product-type-variable"},"acf":[],"_links":{"self":[{"href":"https:\/\/old.agronet.cat\/es\/wp-json\/wp\/v2\/product\/1653","targetHints":{"allow":["GET"]}}],"collection":[{"href":"https:\/\/old.agronet.cat\/es\/wp-json\/wp\/v2\/product"}],"about":[{"href":"https:\/\/old.agronet.cat\/es\/wp-json\/wp\/v2\/types\/product"}],"wp:featuredmedia":[{"embeddable":true,"href":"https:\/\/old.agronet.cat\/es\/wp-json\/wp\/v2\/media\/1655"}],"wp:attachment":[{"href":"https:\/\/old.agronet.cat\/es\/wp-json\/wp\/v2\/media?parent=1653"}],"wp:term":[{"taxonomy":"product_brand","embeddable":true,"href":"https:\/\/old.agronet.cat\/es\/wp-json\/wp\/v2\/product_brand?post=1653"},{"taxonomy":"product_cat","embeddable":true,"href":"https:\/\/old.agronet.cat\/es\/wp-json\/wp\/v2\/product_cat?post=1653"},{"taxonomy":"product_tag","embeddable":true,"href":"https:\/\/old.agronet.cat\/es\/wp-json\/wp\/v2\/product_tag?post=1653"}],"curies":[{"name":"wp","href":"https:\/\/api.w.org\/{rel}","templated":true}]}}