{"id":1663,"date":"2020-09-25T12:45:44","date_gmt":"2020-09-25T10:45:44","guid":{"rendered":"https:\/\/agronet.cat\/?post_type=product&#038;p=1663"},"modified":"2020-09-25T12:50:49","modified_gmt":"2020-09-25T10:50:49","slug":"solucio-neteja-electrodes","status":"publish","type":"product","link":"https:\/\/old.agronet.cat\/es\/botiga\/recanvis-i-subministres-per-a-medicio\/solucio-neteja-electrodes\/","title":{"rendered":"SOLUCI\u00d3N LIMPIEZA ELECTRODOS"},"content":{"rendered":"","protected":false},"excerpt":{"rendered":"<p>Soluci\u00f3n de almacenamiento de electrodos que se utiliza para garantizar el rendimiento \u00f3ptimo de los electrodos de pH y ORP.<\/p>","protected":false},"featured_media":1665,"template":"","meta":{"_acf_changed":false},"product_brand":[],"product_cat":[42],"product_tag":[],"class_list":{"0":"post-1663","1":"product","2":"type-product","3":"status-publish","4":"has-post-thumbnail","6":"product_cat-recanvis-i-subministres-per-a-medicio","8":"first","9":"instock","10":"taxable","11":"shipping-taxable","12":"purchasable","13":"product-type-variable"},"acf":[],"_links":{"self":[{"href":"https:\/\/old.agronet.cat\/es\/wp-json\/wp\/v2\/product\/1663","targetHints":{"allow":["GET"]}}],"collection":[{"href":"https:\/\/old.agronet.cat\/es\/wp-json\/wp\/v2\/product"}],"about":[{"href":"https:\/\/old.agronet.cat\/es\/wp-json\/wp\/v2\/types\/product"}],"wp:featuredmedia":[{"embeddable":true,"href":"https:\/\/old.agronet.cat\/es\/wp-json\/wp\/v2\/media\/1665"}],"wp:attachment":[{"href":"https:\/\/old.agronet.cat\/es\/wp-json\/wp\/v2\/media?parent=1663"}],"wp:term":[{"taxonomy":"product_brand","embeddable":true,"href":"https:\/\/old.agronet.cat\/es\/wp-json\/wp\/v2\/product_brand?post=1663"},{"taxonomy":"product_cat","embeddable":true,"href":"https:\/\/old.agronet.cat\/es\/wp-json\/wp\/v2\/product_cat?post=1663"},{"taxonomy":"product_tag","embeddable":true,"href":"https:\/\/old.agronet.cat\/es\/wp-json\/wp\/v2\/product_tag?post=1663"}],"curies":[{"name":"wp","href":"https:\/\/api.w.org\/{rel}","templated":true}]}}