{"id":1882,"date":"2020-09-29T09:59:09","date_gmt":"2020-09-29T07:59:09","guid":{"rendered":"https:\/\/agronet.cat\/?post_type=product&#038;p=1882"},"modified":"2020-09-29T10:03:30","modified_gmt":"2020-09-29T08:03:30","slug":"hysafe-desinfectant-gel","status":"publish","type":"product","link":"https:\/\/old.agronet.cat\/es\/botiga\/detergents-i-desinfectants\/higiene-personal\/hysafe-desinfectant-gel\/","title":{"rendered":"HYSAFE DESINFECTANT GEL"},"content":{"rendered":"","protected":false},"excerpt":{"rendered":"<p class=\"translation-block\">Gel hidroalch\u00f2lic. <br>\nDesinfecci\u00f3n higi\u00e9nica de manos por fricci\u00f3n sin aclarado posterior. <br>\nNo espumante. <br>\nMedible por conductividad.<\/p>","protected":false},"featured_media":1884,"template":"","meta":{"_acf_changed":false},"product_brand":[],"product_cat":[34],"product_tag":[],"class_list":{"0":"post-1882","1":"product","2":"type-product","3":"status-publish","4":"has-post-thumbnail","6":"product_cat-higiene-personal","8":"first","9":"instock","10":"taxable","11":"shipping-taxable","12":"purchasable","13":"product-type-variable"},"acf":[],"_links":{"self":[{"href":"https:\/\/old.agronet.cat\/es\/wp-json\/wp\/v2\/product\/1882","targetHints":{"allow":["GET"]}}],"collection":[{"href":"https:\/\/old.agronet.cat\/es\/wp-json\/wp\/v2\/product"}],"about":[{"href":"https:\/\/old.agronet.cat\/es\/wp-json\/wp\/v2\/types\/product"}],"wp:featuredmedia":[{"embeddable":true,"href":"https:\/\/old.agronet.cat\/es\/wp-json\/wp\/v2\/media\/1884"}],"wp:attachment":[{"href":"https:\/\/old.agronet.cat\/es\/wp-json\/wp\/v2\/media?parent=1882"}],"wp:term":[{"taxonomy":"product_brand","embeddable":true,"href":"https:\/\/old.agronet.cat\/es\/wp-json\/wp\/v2\/product_brand?post=1882"},{"taxonomy":"product_cat","embeddable":true,"href":"https:\/\/old.agronet.cat\/es\/wp-json\/wp\/v2\/product_cat?post=1882"},{"taxonomy":"product_tag","embeddable":true,"href":"https:\/\/old.agronet.cat\/es\/wp-json\/wp\/v2\/product_tag?post=1882"}],"curies":[{"name":"wp","href":"https:\/\/api.w.org\/{rel}","templated":true}]}}