{"id":2259,"date":"2020-09-29T13:38:40","date_gmt":"2020-09-29T11:38:40","guid":{"rendered":"https:\/\/agronet.cat\/?post_type=product&#038;p=2259"},"modified":"2020-09-29T13:43:18","modified_gmt":"2020-09-29T11:43:18","slug":"raspall-pols-mig-ref-45893","status":"publish","type":"product","link":"https:\/\/old.agronet.cat\/es\/botiga\/accessoris-de-neteja\/raspall-pols-mig-ref-45893\/","title":{"rendered":"CEPILLO MEDIANO PARA POLVO Ref. 45893"},"content":{"rendered":"","protected":false},"excerpt":{"rendered":"<p class=\"translation-block\">Se trata de un cepillo para polvo, con un mango liso con un dise\u00f1o ergon\u00f3mico. <br>\nLos pelos de fuerza media eliminan part\u00edculas de tama\u00f1o medio o h\u00fameda.<\/p>\n<p><strong>Tama\u00f1o: <\/strong>330 mm<br \/>\n<strong>Material:<\/strong> Polipropileno y poli\u00e9ster<\/p>","protected":false},"featured_media":2277,"template":"","meta":{"_acf_changed":false},"product_brand":[],"product_cat":[32],"product_tag":[],"class_list":{"0":"post-2259","1":"product","2":"type-product","3":"status-publish","4":"has-post-thumbnail","6":"product_cat-accessoris-de-neteja","8":"first","9":"instock","10":"taxable","11":"shipping-taxable","12":"purchasable","13":"product-type-variable"},"acf":[],"_links":{"self":[{"href":"https:\/\/old.agronet.cat\/es\/wp-json\/wp\/v2\/product\/2259","targetHints":{"allow":["GET"]}}],"collection":[{"href":"https:\/\/old.agronet.cat\/es\/wp-json\/wp\/v2\/product"}],"about":[{"href":"https:\/\/old.agronet.cat\/es\/wp-json\/wp\/v2\/types\/product"}],"wp:featuredmedia":[{"embeddable":true,"href":"https:\/\/old.agronet.cat\/es\/wp-json\/wp\/v2\/media\/2277"}],"wp:attachment":[{"href":"https:\/\/old.agronet.cat\/es\/wp-json\/wp\/v2\/media?parent=2259"}],"wp:term":[{"taxonomy":"product_brand","embeddable":true,"href":"https:\/\/old.agronet.cat\/es\/wp-json\/wp\/v2\/product_brand?post=2259"},{"taxonomy":"product_cat","embeddable":true,"href":"https:\/\/old.agronet.cat\/es\/wp-json\/wp\/v2\/product_cat?post=2259"},{"taxonomy":"product_tag","embeddable":true,"href":"https:\/\/old.agronet.cat\/es\/wp-json\/wp\/v2\/product_tag?post=2259"}],"curies":[{"name":"wp","href":"https:\/\/api.w.org\/{rel}","templated":true}]}}