{"id":2416,"date":"2020-09-30T09:16:19","date_gmt":"2020-09-30T07:16:19","guid":{"rendered":"https:\/\/agronet.cat\/?post_type=product&#038;p=2416"},"modified":"2020-09-30T09:18:41","modified_gmt":"2020-09-30T07:18:41","slug":"manec-flexible-inox-755-mm-ref-53515","status":"publish","type":"product","link":"https:\/\/old.agronet.cat\/es\/botiga\/accessoris-de-neteja\/manec-flexible-inox-755-mm-ref-53515\/","title":{"rendered":"MANGO FLEXIBLE INOX 755 mm Ref. 53515"},"content":{"rendered":"","protected":false},"excerpt":{"rendered":"<p>Esta mango de extensi\u00f3n se puede a\u00f1adir a la barra flexible para limpiar el interior de tuber\u00edas largas y tambi\u00e9n para adjuntar a los cepillos.<\/p>\n<p><strong>Tama\u00f1o: <\/strong>\u00a0\u00d85 mm \/ 755 mm<br \/>\n<strong>Material:<\/strong> Acero inoxidable, polipropileno<\/p>","protected":false},"featured_media":2417,"template":"","meta":{"_acf_changed":false},"product_brand":[],"product_cat":[32],"product_tag":[],"class_list":{"0":"post-2416","1":"product","2":"type-product","3":"status-publish","4":"has-post-thumbnail","6":"product_cat-accessoris-de-neteja","8":"first","9":"instock","10":"taxable","11":"shipping-taxable","12":"purchasable","13":"product-type-simple"},"acf":[],"_links":{"self":[{"href":"https:\/\/old.agronet.cat\/es\/wp-json\/wp\/v2\/product\/2416","targetHints":{"allow":["GET"]}}],"collection":[{"href":"https:\/\/old.agronet.cat\/es\/wp-json\/wp\/v2\/product"}],"about":[{"href":"https:\/\/old.agronet.cat\/es\/wp-json\/wp\/v2\/types\/product"}],"wp:featuredmedia":[{"embeddable":true,"href":"https:\/\/old.agronet.cat\/es\/wp-json\/wp\/v2\/media\/2417"}],"wp:attachment":[{"href":"https:\/\/old.agronet.cat\/es\/wp-json\/wp\/v2\/media?parent=2416"}],"wp:term":[{"taxonomy":"product_brand","embeddable":true,"href":"https:\/\/old.agronet.cat\/es\/wp-json\/wp\/v2\/product_brand?post=2416"},{"taxonomy":"product_cat","embeddable":true,"href":"https:\/\/old.agronet.cat\/es\/wp-json\/wp\/v2\/product_cat?post=2416"},{"taxonomy":"product_tag","embeddable":true,"href":"https:\/\/old.agronet.cat\/es\/wp-json\/wp\/v2\/product_tag?post=2416"}],"curies":[{"name":"wp","href":"https:\/\/api.w.org\/{rel}","templated":true}]}}