{"id":2741,"date":"2020-10-01T09:04:54","date_gmt":"2020-10-01T07:04:54","guid":{"rendered":"https:\/\/agronet.cat\/?post_type=product&#038;p=2741"},"modified":"2020-10-01T09:09:58","modified_gmt":"2020-10-01T07:09:58","slug":"rascador-amb-manec-ref-70115","status":"publish","type":"product","link":"https:\/\/old.agronet.cat\/es\/botiga\/accessoris-de-neteja\/rascador-amb-manec-ref-70115\/","title":{"rendered":"RASCADOR CON MANGO Ref. 70115"},"content":{"rendered":"","protected":false},"excerpt":{"rendered":"<p class=\"translation-block\">Este producto se utiliza para eliminar restos de alimentos de dep\u00f3sitos antes de comenzar el proceso de limpieza. <br>\nSu construcci\u00f3n r\u00edgida es \u00fatil cuando hay que hacer presi\u00f3n en dep\u00f3sitos profundos.<\/p>\n<p><strong>Tama\u00f1o: <\/strong>220 mm<strong><br \/>\nMaterial:<\/strong> Poliamida y nylon<\/p>","protected":false},"featured_media":2742,"template":"","meta":{"_acf_changed":false},"product_brand":[],"product_cat":[32],"product_tag":[],"class_list":{"0":"post-2741","1":"product","2":"type-product","3":"status-publish","4":"has-post-thumbnail","6":"product_cat-accessoris-de-neteja","8":"first","9":"instock","10":"taxable","11":"shipping-taxable","12":"purchasable","13":"product-type-simple"},"acf":[],"_links":{"self":[{"href":"https:\/\/old.agronet.cat\/es\/wp-json\/wp\/v2\/product\/2741","targetHints":{"allow":["GET"]}}],"collection":[{"href":"https:\/\/old.agronet.cat\/es\/wp-json\/wp\/v2\/product"}],"about":[{"href":"https:\/\/old.agronet.cat\/es\/wp-json\/wp\/v2\/types\/product"}],"wp:featuredmedia":[{"embeddable":true,"href":"https:\/\/old.agronet.cat\/es\/wp-json\/wp\/v2\/media\/2742"}],"wp:attachment":[{"href":"https:\/\/old.agronet.cat\/es\/wp-json\/wp\/v2\/media?parent=2741"}],"wp:term":[{"taxonomy":"product_brand","embeddable":true,"href":"https:\/\/old.agronet.cat\/es\/wp-json\/wp\/v2\/product_brand?post=2741"},{"taxonomy":"product_cat","embeddable":true,"href":"https:\/\/old.agronet.cat\/es\/wp-json\/wp\/v2\/product_cat?post=2741"},{"taxonomy":"product_tag","embeddable":true,"href":"https:\/\/old.agronet.cat\/es\/wp-json\/wp\/v2\/product_tag?post=2741"}],"curies":[{"name":"wp","href":"https:\/\/api.w.org\/{rel}","templated":true}]}}