{"id":3489,"date":"2020-10-05T11:31:01","date_gmt":"2020-10-05T09:31:01","guid":{"rendered":"https:\/\/agronet.cat\/?post_type=product&#038;p=3489"},"modified":"2020-10-05T11:33:27","modified_gmt":"2020-10-05T09:33:27","slug":"bota-baixa-puntera-levante-ref-tpm00952","status":"publish","type":"product","link":"https:\/\/old.agronet.cat\/es\/botiga\/equipament-personal\/bota-baixa-puntera-levante-ref-tpm00952\/","title":{"rendered":"BOTA BAJA PUNTERA LEVANTE ref. TPM00952"},"content":{"rendered":"","protected":false},"excerpt":{"rendered":"<p class=\"translation-block\">Mocas\u00edn de seguridad blanco con tratamiento contra aceites y combustibles. <br>\nMocas\u00edn de trabajo blanco con puntera de protecci\u00f3n no met\u00e1lica.<\/p>\n<p><strong>Composici\u00f3n:<\/strong> piel con microfibra impermeable<br \/>\n<strong>Protecci\u00f3n:<\/strong> Con protecci\u00f3n<\/p>","protected":false},"featured_media":3496,"template":"","meta":{"_acf_changed":false},"product_brand":[],"product_cat":[28],"product_tag":[],"class_list":{"0":"post-3489","1":"product","2":"type-product","3":"status-publish","4":"has-post-thumbnail","6":"product_cat-equipament-personal","8":"first","9":"instock","10":"taxable","11":"shipping-taxable","12":"purchasable","13":"product-type-variable"},"acf":[],"_links":{"self":[{"href":"https:\/\/old.agronet.cat\/es\/wp-json\/wp\/v2\/product\/3489","targetHints":{"allow":["GET"]}}],"collection":[{"href":"https:\/\/old.agronet.cat\/es\/wp-json\/wp\/v2\/product"}],"about":[{"href":"https:\/\/old.agronet.cat\/es\/wp-json\/wp\/v2\/types\/product"}],"wp:featuredmedia":[{"embeddable":true,"href":"https:\/\/old.agronet.cat\/es\/wp-json\/wp\/v2\/media\/3496"}],"wp:attachment":[{"href":"https:\/\/old.agronet.cat\/es\/wp-json\/wp\/v2\/media?parent=3489"}],"wp:term":[{"taxonomy":"product_brand","embeddable":true,"href":"https:\/\/old.agronet.cat\/es\/wp-json\/wp\/v2\/product_brand?post=3489"},{"taxonomy":"product_cat","embeddable":true,"href":"https:\/\/old.agronet.cat\/es\/wp-json\/wp\/v2\/product_cat?post=3489"},{"taxonomy":"product_tag","embeddable":true,"href":"https:\/\/old.agronet.cat\/es\/wp-json\/wp\/v2\/product_tag?post=3489"}],"curies":[{"name":"wp","href":"https:\/\/api.w.org\/{rel}","templated":true}]}}