{"id":3577,"date":"2020-10-05T13:47:35","date_gmt":"2020-10-05T11:47:35","guid":{"rendered":"https:\/\/agronet.cat\/?post_type=product&#038;p=3577"},"modified":"2021-04-22T14:10:41","modified_gmt":"2021-04-22T12:10:41","slug":"guants-nitril-ref-cvggnn","status":"publish","type":"product","link":"https:\/\/old.agronet.cat\/es\/botiga\/equipament-personal\/guants-nitril-ref-cvggnn\/","title":{"rendered":"GUANTES DE NITRILO ref. CVGGNN"},"content":{"rendered":"","protected":false},"excerpt":{"rendered":"<p class=\"translation-block\">Color azul no est\u00e9ril, sin polvo. <br>\nExcelente dise\u00f1o anat\u00f3mico y ergon\u00f3mico.<\/p>\n<p><strong>Composici\u00f3n:<\/strong> Forro b\u00e1ltico y poliuretano<br \/>\n<strong>Unidades por paquete:<\/strong> 100 unidades<\/p>","protected":false},"featured_media":3582,"template":"","meta":{"_acf_changed":false},"product_brand":[],"product_cat":[28],"product_tag":[],"class_list":{"0":"post-3577","1":"product","2":"type-product","3":"status-publish","4":"has-post-thumbnail","6":"product_cat-equipament-personal","8":"first","9":"instock","10":"taxable","11":"shipping-taxable","12":"purchasable","13":"product-type-variable"},"acf":[],"_links":{"self":[{"href":"https:\/\/old.agronet.cat\/es\/wp-json\/wp\/v2\/product\/3577","targetHints":{"allow":["GET"]}}],"collection":[{"href":"https:\/\/old.agronet.cat\/es\/wp-json\/wp\/v2\/product"}],"about":[{"href":"https:\/\/old.agronet.cat\/es\/wp-json\/wp\/v2\/types\/product"}],"wp:featuredmedia":[{"embeddable":true,"href":"https:\/\/old.agronet.cat\/es\/wp-json\/wp\/v2\/media\/3582"}],"wp:attachment":[{"href":"https:\/\/old.agronet.cat\/es\/wp-json\/wp\/v2\/media?parent=3577"}],"wp:term":[{"taxonomy":"product_brand","embeddable":true,"href":"https:\/\/old.agronet.cat\/es\/wp-json\/wp\/v2\/product_brand?post=3577"},{"taxonomy":"product_cat","embeddable":true,"href":"https:\/\/old.agronet.cat\/es\/wp-json\/wp\/v2\/product_cat?post=3577"},{"taxonomy":"product_tag","embeddable":true,"href":"https:\/\/old.agronet.cat\/es\/wp-json\/wp\/v2\/product_tag?post=3577"}],"curies":[{"name":"wp","href":"https:\/\/api.w.org\/{rel}","templated":true}]}}