{"id":3608,"date":"2020-10-06T08:26:07","date_gmt":"2020-10-06T06:26:07","guid":{"rendered":"https:\/\/agronet.cat\/?post_type=product&#038;p=3608"},"modified":"2020-10-06T08:29:16","modified_gmt":"2020-10-06T06:29:16","slug":"peucs-plastic","status":"publish","type":"product","link":"https:\/\/old.agronet.cat\/es\/botiga\/equipament-personal\/peucs-plastic\/","title":{"rendered":"PATUCOS DE PL\u00c1STICO"},"content":{"rendered":"","protected":false},"excerpt":{"rendered":"<p>Pe\u00fccs desechable fabricado en pl\u00e1stico polietileno, con textura en la superficie para aumentar la adherencia y el\u00e1stico en la apertura para su mejor ajuste.<\/p>\n<p><strong>Composici\u00f3n: <\/strong>polietileno<br \/>\n<strong>Unidades por paquete: <\/strong>100 unidades<\/p>","protected":false},"featured_media":3610,"template":"","meta":{"_acf_changed":false},"product_brand":[],"product_cat":[28],"product_tag":[],"class_list":{"0":"post-3608","1":"product","2":"type-product","3":"status-publish","4":"has-post-thumbnail","6":"product_cat-equipament-personal","8":"first","9":"instock","10":"taxable","11":"shipping-taxable","12":"purchasable","13":"product-type-variable"},"acf":[],"_links":{"self":[{"href":"https:\/\/old.agronet.cat\/es\/wp-json\/wp\/v2\/product\/3608","targetHints":{"allow":["GET"]}}],"collection":[{"href":"https:\/\/old.agronet.cat\/es\/wp-json\/wp\/v2\/product"}],"about":[{"href":"https:\/\/old.agronet.cat\/es\/wp-json\/wp\/v2\/types\/product"}],"wp:featuredmedia":[{"embeddable":true,"href":"https:\/\/old.agronet.cat\/es\/wp-json\/wp\/v2\/media\/3610"}],"wp:attachment":[{"href":"https:\/\/old.agronet.cat\/es\/wp-json\/wp\/v2\/media?parent=3608"}],"wp:term":[{"taxonomy":"product_brand","embeddable":true,"href":"https:\/\/old.agronet.cat\/es\/wp-json\/wp\/v2\/product_brand?post=3608"},{"taxonomy":"product_cat","embeddable":true,"href":"https:\/\/old.agronet.cat\/es\/wp-json\/wp\/v2\/product_cat?post=3608"},{"taxonomy":"product_tag","embeddable":true,"href":"https:\/\/old.agronet.cat\/es\/wp-json\/wp\/v2\/product_tag?post=3608"}],"curies":[{"name":"wp","href":"https:\/\/api.w.org\/{rel}","templated":true}]}}