{"id":4043,"date":"2020-10-29T13:02:08","date_gmt":"2020-10-29T11:02:08","guid":{"rendered":"https:\/\/agronet.cat\/?post_type=product&#038;p=4043"},"modified":"2022-02-23T16:09:27","modified_gmt":"2022-02-23T14:09:27","slug":"carbo-vegetal","status":"publish","type":"product","link":"https:\/\/old.agronet.cat\/es\/botiga\/preparats-i-additius\/preparats-i-additius-preparats-i-additius\/carbo-vegetal\/","title":{"rendered":"CARB\u00d3N VEGETAL"},"content":{"rendered":"","protected":false},"excerpt":{"rendered":"<p class=\"translation-block\">100% carb\u00f3n vegetal de madera para enlucido de corteza o adici\u00f3n en la cuajada. <br>\nApto para producci\u00f3n ecol\u00f3gica, libre de transg\u00e9nicos y sin tratamiento ionizado.<\/p>\n<p><strong>\u00a0<\/strong><\/p>\n<p>&nbsp;<\/p>","protected":false},"featured_media":4045,"template":"","meta":{"_acf_changed":false},"product_brand":[],"product_cat":[58],"product_tag":[],"class_list":{"0":"post-4043","1":"product","2":"type-product","3":"status-publish","4":"has-post-thumbnail","6":"product_cat-preparats-i-additius-preparats-i-additius","8":"first","9":"outofstock","10":"taxable","11":"shipping-taxable","12":"product-type-variable"},"acf":[],"_links":{"self":[{"href":"https:\/\/old.agronet.cat\/es\/wp-json\/wp\/v2\/product\/4043","targetHints":{"allow":["GET"]}}],"collection":[{"href":"https:\/\/old.agronet.cat\/es\/wp-json\/wp\/v2\/product"}],"about":[{"href":"https:\/\/old.agronet.cat\/es\/wp-json\/wp\/v2\/types\/product"}],"wp:featuredmedia":[{"embeddable":true,"href":"https:\/\/old.agronet.cat\/es\/wp-json\/wp\/v2\/media\/4045"}],"wp:attachment":[{"href":"https:\/\/old.agronet.cat\/es\/wp-json\/wp\/v2\/media?parent=4043"}],"wp:term":[{"taxonomy":"product_brand","embeddable":true,"href":"https:\/\/old.agronet.cat\/es\/wp-json\/wp\/v2\/product_brand?post=4043"},{"taxonomy":"product_cat","embeddable":true,"href":"https:\/\/old.agronet.cat\/es\/wp-json\/wp\/v2\/product_cat?post=4043"},{"taxonomy":"product_tag","embeddable":true,"href":"https:\/\/old.agronet.cat\/es\/wp-json\/wp\/v2\/product_tag?post=4043"}],"curies":[{"name":"wp","href":"https:\/\/api.w.org\/{rel}","templated":true}]}}