{"id":942,"date":"2020-09-21T10:49:16","date_gmt":"2020-09-21T10:49:16","guid":{"rendered":"https:\/\/agronet.cat\/?post_type=product&#038;p=942"},"modified":"2020-09-21T10:52:21","modified_gmt":"2020-09-21T10:52:21","slug":"pctn","status":"publish","type":"product","link":"https:\/\/old.agronet.cat\/es\/botiga\/ferments\/ferments-dafinat\/pctn\/","title":{"rendered":"PCTN"},"content":{"rendered":"","protected":false},"excerpt":{"rendered":"<p class=\"translation-block\">Hongo de formaci\u00f3n de corteza, crecimiento r\u00e1pido, prote\u00f3lisis y lip\u00f3lisis media. <br>\nAromas afrutados, florales y de setas. <br>\nPenicillium candidum.<\/p>\n<p><strong>Aplicaci\u00f3n:<\/strong> siembra \/ pulverizaci\u00f3n<br \/>\n<strong>Formato:<\/strong> 10 DCU<\/p>","protected":false},"featured_media":943,"template":"","meta":{"_acf_changed":false},"product_brand":[],"product_cat":[66],"product_tag":[],"class_list":{"0":"post-942","1":"product","2":"type-product","3":"status-publish","4":"has-post-thumbnail","6":"product_cat-ferments-dafinat","8":"first","9":"instock","10":"taxable","11":"shipping-taxable","12":"purchasable","13":"product-type-simple"},"acf":[],"_links":{"self":[{"href":"https:\/\/old.agronet.cat\/es\/wp-json\/wp\/v2\/product\/942","targetHints":{"allow":["GET"]}}],"collection":[{"href":"https:\/\/old.agronet.cat\/es\/wp-json\/wp\/v2\/product"}],"about":[{"href":"https:\/\/old.agronet.cat\/es\/wp-json\/wp\/v2\/types\/product"}],"wp:featuredmedia":[{"embeddable":true,"href":"https:\/\/old.agronet.cat\/es\/wp-json\/wp\/v2\/media\/943"}],"wp:attachment":[{"href":"https:\/\/old.agronet.cat\/es\/wp-json\/wp\/v2\/media?parent=942"}],"wp:term":[{"taxonomy":"product_brand","embeddable":true,"href":"https:\/\/old.agronet.cat\/es\/wp-json\/wp\/v2\/product_brand?post=942"},{"taxonomy":"product_cat","embeddable":true,"href":"https:\/\/old.agronet.cat\/es\/wp-json\/wp\/v2\/product_cat?post=942"},{"taxonomy":"product_tag","embeddable":true,"href":"https:\/\/old.agronet.cat\/es\/wp-json\/wp\/v2\/product_tag?post=942"}],"curies":[{"name":"wp","href":"https:\/\/api.w.org\/{rel}","templated":true}]}}