{"id":962,"date":"2020-09-21T11:34:33","date_gmt":"2020-09-21T11:34:33","guid":{"rendered":"https:\/\/agronet.cat\/?post_type=product&#038;p=962"},"modified":"2020-09-21T11:38:03","modified_gmt":"2020-09-21T11:38:03","slug":"cum-lyo","status":"publish","type":"product","link":"https:\/\/old.agronet.cat\/es\/botiga\/ferments\/ferments-dafinat\/cum-lyo\/","title":{"rendered":"CUM LYO"},"content":{"rendered":"","protected":false},"excerpt":{"rendered":"<p>Levadura desacidificante de r\u00e1pida neutralizaci\u00f3n y alta producci\u00f3n de aroma y actividad enzim\u00e1tica.<br \/>\nCandida utilis.<\/p>\n<p><strong>Aplicaci\u00f3n:<\/strong> siembra en leche<br \/>\n<strong>Formato:<\/strong> 10 DCU<\/p>","protected":false},"featured_media":963,"template":"","meta":{"_acf_changed":false},"product_brand":[],"product_cat":[66],"product_tag":[],"class_list":{"0":"post-962","1":"product","2":"type-product","3":"status-publish","4":"has-post-thumbnail","6":"product_cat-ferments-dafinat","8":"first","9":"instock","10":"taxable","11":"shipping-taxable","12":"purchasable","13":"product-type-simple"},"acf":[],"_links":{"self":[{"href":"https:\/\/old.agronet.cat\/es\/wp-json\/wp\/v2\/product\/962","targetHints":{"allow":["GET"]}}],"collection":[{"href":"https:\/\/old.agronet.cat\/es\/wp-json\/wp\/v2\/product"}],"about":[{"href":"https:\/\/old.agronet.cat\/es\/wp-json\/wp\/v2\/types\/product"}],"wp:featuredmedia":[{"embeddable":true,"href":"https:\/\/old.agronet.cat\/es\/wp-json\/wp\/v2\/media\/963"}],"wp:attachment":[{"href":"https:\/\/old.agronet.cat\/es\/wp-json\/wp\/v2\/media?parent=962"}],"wp:term":[{"taxonomy":"product_brand","embeddable":true,"href":"https:\/\/old.agronet.cat\/es\/wp-json\/wp\/v2\/product_brand?post=962"},{"taxonomy":"product_cat","embeddable":true,"href":"https:\/\/old.agronet.cat\/es\/wp-json\/wp\/v2\/product_cat?post=962"},{"taxonomy":"product_tag","embeddable":true,"href":"https:\/\/old.agronet.cat\/es\/wp-json\/wp\/v2\/product_tag?post=962"}],"curies":[{"name":"wp","href":"https:\/\/api.w.org\/{rel}","templated":true}]}}